{"id":110,"date":"2021-11-26T10:45:26","date_gmt":"2021-11-26T09:45:26","guid":{"rendered":"https:\/\/www.bullonieassociati.com\/site\/?page_id=110"},"modified":"2022-03-03T15:01:39","modified_gmt":"2022-03-03T14:01:39","slug":"lo-studio","status":"publish","type":"page","link":"https:\/\/www.bullonieassociati.com\/site\/index.php\/lo-studio\/","title":{"rendered":"Lo studio"},"content":{"rendered":"<p>[et_pb_section fb_built=&#8221;1&#8243; fullwidth=&#8221;on&#8221; _builder_version=&#8221;4.10.7&#8243; _module_preset=&#8221;default&#8221; custom_css_main_element=&#8221;height: 330px;&#8221; global_colors_info=&#8221;{}&#8221;][et_pb_fullwidth_image title_text=&#8221;BP_uffici&#8221; _builder_version=&#8221;4.10.7&#8243; _module_preset=&#8221;default&#8221; background_image=&#8221;https:\/\/www.bullonieassociati.com\/site\/wp-content\/uploads\/2022\/03\/BP_uffici.jpg&#8221; min_height=&#8221;318px&#8221; custom_margin=&#8221;||35px|||&#8221; custom_padding=&#8221;5px||0px|||&#8221; hover_enabled=&#8221;0&#8243; custom_css_main_element=&#8221;height: 330px;||  &#8221; global_colors_info=&#8221;{}&#8221; sticky_enabled=&#8221;0&#8243;][\/et_pb_fullwidth_image][\/et_pb_section][et_pb_section fb_built=&#8221;1&#8243; _builder_version=&#8221;4.10.7&#8243; _module_preset=&#8221;default&#8221; min_height=&#8221;654.2px&#8221; custom_margin=&#8221;-30px||-179px|||&#8221; custom_padding=&#8221;50px||0px|||&#8221; global_colors_info=&#8221;{}&#8221;][et_pb_row column_structure=&#8221;3_4,1_4&#8243; _builder_version=&#8221;4.10.7&#8243; _module_preset=&#8221;default&#8221; custom_margin=&#8221;|auto|-3px|auto||&#8221; global_colors_info=&#8221;{}&#8221;][et_pb_column type=&#8221;3_4&#8243; _builder_version=&#8221;4.10.7&#8243; _module_preset=&#8221;default&#8221; global_colors_info=&#8221;{}&#8221;][et_pb_text _builder_version=&#8221;4.10.7&#8243; _module_preset=&#8221;default&#8221; global_colors_info=&#8221;{}&#8221;]<\/p>\n<p><span style=\"font-size: large;\"><strong>Bulloni &amp; Partners<br \/><\/strong><\/span><\/p>\n<p><span style=\"font-weight: 400; font-size: large;\">Il nostro studio di commercialisti e revisori dei conti da pi\u00f9 di 25 anni presta servizi di assistenza, di gestione degli adempimenti contabili, di consulenza fiscale e contabile alle aziende, avvalendosi anche di collaborazioni esterne nella figura di professionisti e specialisti in materia legale, notarile, tributaria e giuslavoristica.<\/span><\/p>\n<p><span style=\"font-weight: 400; font-size: large;\">L\u2019assistenza \u00e8 rivolta alle Societ\u00e0 di Capitali, alle Societ\u00e0 di Persone, liberi professionisti e alle Imprese Individuali di artigiani e commercianti.<\/span><\/p>\n<p><span style=\"font-weight: 400; font-size: large;\">Visitando il nostro sito potrete consultare dettagliatamente i servizi da noi proposti.<\/span><\/p>\n<p><span style=\"font-size: large;\">\u00a0<\/span><\/p>\n<p><span style=\"font-size: large;\"><\/span><\/p>\n<p>[\/et_pb_text][\/et_pb_column][et_pb_column type=&#8221;1_4&#8243; _builder_version=&#8221;4.10.7&#8243; _module_preset=&#8221;default&#8221; global_colors_info=&#8221;{}&#8221;][et_pb_image src=&#8221;https:\/\/www.bullonieassociati.com\/site\/wp-content\/uploads\/2021\/11\/BP05_2.jpg&#8221; title_text=&#8221;B&#038;P05_2&#8243; _builder_version=&#8221;4.10.7&#8243; _module_preset=&#8221;default&#8221; global_colors_info=&#8221;{}&#8221;][\/et_pb_image][\/et_pb_column][\/et_pb_row][\/et_pb_section][et_pb_section fb_built=&#8221;1&#8243; fullwidth=&#8221;on&#8221; _builder_version=&#8221;4.10.7&#8243; _module_preset=&#8221;default&#8221; min_height=&#8221;545px&#8221; custom_margin=&#8221;-29px||-29px||true|&#8221; custom_css_main_element=&#8221;height: 520px&#8221; global_colors_info=&#8221;{}&#8221;][et_pb_fullwidth_image title_text=&#8221;BP_ufficiCloseUp&#8221; _builder_version=&#8221;4.10.7&#8243; _module_preset=&#8221;default&#8221; background_image=&#8221;https:\/\/www.bullonieassociati.com\/site\/wp-content\/uploads\/2022\/03\/BP_ufficiCloseUp.jpg&#8221; parallax=&#8221;on&#8221; min_height=&#8221;635px&#8221; custom_margin=&#8221;-28px||86px|||&#8221; custom_padding=&#8221;5px|||||&#8221; hover_enabled=&#8221;0&#8243; custom_css_main_element=&#8221;height: 440px&#8221; global_colors_info=&#8221;{}&#8221; sticky_enabled=&#8221;0&#8243;][\/et_pb_fullwidth_image][\/et_pb_section]<\/p>\n","protected":false},"excerpt":{"rendered":"<p>Bulloni &amp; Partners Il nostro studio di commercialisti e revisori dei conti da pi\u00f9 di 25 anni presta servizi di assistenza, di gestione degli adempimenti contabili, di consulenza fiscale e contabile alle aziende, avvalendosi anche di collaborazioni esterne nella figura di professionisti e specialisti in materia legale, notarile, tributaria e giuslavoristica. L\u2019assistenza \u00e8 rivolta alle [&hellip;]<\/p>\n","protected":false},"author":1,"featured_media":0,"parent":0,"menu_order":0,"comment_status":"closed","ping_status":"closed","template":"","meta":{"_et_pb_use_builder":"on","_et_pb_old_content":"","_et_gb_content_width":"","footnotes":""},"class_list":["post-110","page","type-page","status-publish","hentry"],"_links":{"self":[{"href":"https:\/\/www.bullonieassociati.com\/site\/index.php\/wp-json\/wp\/v2\/pages\/110","targetHints":{"allow":["GET"]}}],"collection":[{"href":"https:\/\/www.bullonieassociati.com\/site\/index.php\/wp-json\/wp\/v2\/pages"}],"about":[{"href":"https:\/\/www.bullonieassociati.com\/site\/index.php\/wp-json\/wp\/v2\/types\/page"}],"author":[{"embeddable":true,"href":"https:\/\/www.bullonieassociati.com\/site\/index.php\/wp-json\/wp\/v2\/users\/1"}],"replies":[{"embeddable":true,"href":"https:\/\/www.bullonieassociati.com\/site\/index.php\/wp-json\/wp\/v2\/comments?post=110"}],"version-history":[{"count":3,"href":"https:\/\/www.bullonieassociati.com\/site\/index.php\/wp-json\/wp\/v2\/pages\/110\/revisions"}],"predecessor-version":[{"id":134,"href":"https:\/\/www.bullonieassociati.com\/site\/index.php\/wp-json\/wp\/v2\/pages\/110\/revisions\/134"}],"wp:attachment":[{"href":"https:\/\/www.bullonieassociati.com\/site\/index.php\/wp-json\/wp\/v2\/media?parent=110"}],"curies":[{"name":"wp","href":"https:\/\/api.w.org\/{rel}","templated":true}]}}